{"id":1495,"date":"2025-08-27T14:28:41","date_gmt":"2025-08-27T14:28:41","guid":{"rendered":"https:\/\/globalmaterial.hu\/?page_id=1495"},"modified":"2025-09-09T11:41:17","modified_gmt":"2025-09-09T11:41:17","slug":"dziekujemy","status":"publish","type":"page","link":"https:\/\/globalmaterial.hu\/pl\/koszonjuk\/","title":{"rendered":"Dzi\u0119kujemy"},"content":{"rendered":"<div data-elementor-type=\"wp-page\" data-elementor-id=\"1495\" class=\"elementor elementor-1495\" data-elementor-post-type=\"page\">\n\t\t\t\t<div class=\"elementor-element elementor-element-57f4b9e e-flex e-con-boxed e-con e-parent\" data-id=\"57f4b9e\" data-element_type=\"container\" data-e-type=\"container\">\n\t\t\t\t\t<div class=\"e-con-inner\">\n\t\t\t\t<div class=\"elementor-element elementor-element-3931204 elementor-widget elementor-widget-spacer\" data-id=\"3931204\" data-element_type=\"widget\" data-e-type=\"widget\" data-widget_type=\"spacer.default\">\n\t\t\t\t\t\t\t<div class=\"elementor-spacer\">\n\t\t\t<div class=\"elementor-spacer-inner\"><\/div>\n\t\t<\/div>\n\t\t\t\t\t\t<\/div>\n\t\t\t\t<div class=\"elementor-element elementor-element-cb99779 elementor-invisible elementor-widget elementor-widget-image\" data-id=\"cb99779\" data-element_type=\"widget\" data-e-type=\"widget\" data-settings=\"{&quot;_animation&quot;:&quot;bounceIn&quot;}\" data-widget_type=\"image.default\">\n\t\t\t\t\t\t\t\t\t\t\t\t\t\t\t<img decoding=\"async\" width=\"150\" height=\"150\" src=\"https:\/\/globalmaterial.hu\/wp-content\/uploads\/2025\/08\/cropped-global-material_siteicon-150x150.png\" class=\"attachment-thumbnail size-thumbnail wp-image-1486\" alt=\"\" srcset=\"https:\/\/globalmaterial.hu\/wp-content\/uploads\/2025\/08\/cropped-global-material_siteicon-150x150.png 150w, https:\/\/globalmaterial.hu\/wp-content\/uploads\/2025\/08\/cropped-global-material_siteicon-300x300.png 300w, https:\/\/globalmaterial.hu\/wp-content\/uploads\/2025\/08\/cropped-global-material_siteicon-12x12.png 12w, https:\/\/globalmaterial.hu\/wp-content\/uploads\/2025\/08\/cropped-global-material_siteicon-270x270.png 270w, https:\/\/globalmaterial.hu\/wp-content\/uploads\/2025\/08\/cropped-global-material_siteicon-192x192.png 192w, https:\/\/globalmaterial.hu\/wp-content\/uploads\/2025\/08\/cropped-global-material_siteicon-180x180.png 180w, https:\/\/globalmaterial.hu\/wp-content\/uploads\/2025\/08\/cropped-global-material_siteicon-32x32.png 32w, https:\/\/globalmaterial.hu\/wp-content\/uploads\/2025\/08\/cropped-global-material_siteicon.png 512w\" sizes=\"(max-width: 150px) 100vw, 150px\" \/>\t\t\t\t\t\t\t\t\t\t\t\t\t\t\t<\/div>\n\t\t\t\t<div class=\"elementor-element elementor-element-e6a3e9b elementor-widget elementor-widget-heading\" data-id=\"e6a3e9b\" data-element_type=\"widget\" data-e-type=\"widget\" data-widget_type=\"heading.default\">\n\t\t\t\t\t<p class=\"elementor-heading-title elementor-size-default\">Dzi\u0119kujemy za kontakt,<\/p>\t\t\t\t<\/div>\n\t\t\t\t<div class=\"elementor-element elementor-element-89f4e64 elementor-widget elementor-widget-text-editor\" data-id=\"89f4e64\" data-element_type=\"widget\" data-e-type=\"widget\" data-widget_type=\"text-editor.default\">\n\t\t\t\t\t\t\t\t\t<p>Nasi pracownicy wkr\u00f3tce skontaktuj\u0105 si\u0119 z Pa\u0144stwem.<\/p>\t\t\t\t\t\t\t\t<\/div>\n\t\t\t\t<div class=\"elementor-element elementor-element-dfdfebb elementor-widget elementor-widget-spacer\" data-id=\"dfdfebb\" data-element_type=\"widget\" data-e-type=\"widget\" data-widget_type=\"spacer.default\">\n\t\t\t\t\t\t\t<div class=\"elementor-spacer\">\n\t\t\t<div class=\"elementor-spacer-inner\"><\/div>\n\t\t<\/div>\n\t\t\t\t\t\t<\/div>\n\t\t\t\t<div class=\"elementor-element elementor-element-bd770d3 elementor-align-center elementor-widget elementor-widget-button\" data-id=\"bd770d3\" data-element_type=\"widget\" data-e-type=\"widget\" data-widget_type=\"button.default\">\n\t\t\t\t\t\t\t\t\t\t<a class=\"elementor-button elementor-button-link elementor-size-sm\" href=\"\/pl\/\">\n\t\t\t\t\t\t<span class=\"elementor-button-content-wrapper\">\n\t\t\t\t\t\t<span class=\"elementor-button-icon\">\n\t\t\t\t<svg aria-hidden=\"true\" class=\"e-font-icon-svg e-fas-arrow-right\" viewbox=\"0 0 448 512\" xmlns=\"http:\/\/www.w3.org\/2000\/svg\"><path d=\"M190.5 66.9l22.2-22.2c9.4-9.4 24.6-9.4 33.9 0L441 239c9.4 9.4 9.4 24.6 0 33.9L246.6 467.3c-9.4 9.4-24.6 9.4-33.9 0l-22.2-22.2c-9.5-9.5-9.3-25 .4-34.3L311.4 296H24c-13.3 0-24-10.7-24-24v-32c0-13.3 10.7-24 24-24h287.4L190.9 101.2c-9.8-9.3-10-24.8-.4-34.3z\"><\/path><\/svg>\t\t\t<\/span>\n\t\t\t\t\t\t\t\t\t<span class=\"elementor-button-text\">Powr\u00f3t do strony g\u0142\u00f3wnej<\/span>\n\t\t\t\t\t<\/span>\n\t\t\t\t\t<\/a>\n\t\t\t\t\t\t\t\t<\/div>\n\t\t\t\t<div class=\"elementor-element elementor-element-e4a76a6 elementor-widget elementor-widget-spacer\" data-id=\"e4a76a6\" data-element_type=\"widget\" data-e-type=\"widget\" data-widget_type=\"spacer.default\">\n\t\t\t\t\t\t\t<div class=\"elementor-spacer\">\n\t\t\t<div class=\"elementor-spacer-inner\"><\/div>\n\t\t<\/div>\n\t\t\t\t\t\t<\/div>\n\t\t\t\t\t<\/div>\n\t\t\t\t<\/div>\n\t\t\t\t<\/div>","protected":false},"excerpt":{"rendered":"<p>K\u00f6sz\u00f6nj\u00fck megkeres\u00e9s\u00e9t, munkat\u00e1rsaink hamarosan felveszik \u00d6nnel a kapcsolatot. Vissza a f\u0151oldalra<\/p>","protected":false},"author":1,"featured_media":0,"parent":0,"menu_order":0,"comment_status":"closed","ping_status":"closed","template":"","meta":{"footnotes":""},"class_list":["post-1495","page","type-page","status-publish","hentry"],"_links":{"self":[{"href":"https:\/\/globalmaterial.hu\/pl\/wp-json\/wp\/v2\/pages\/1495","targetHints":{"allow":["GET"]}}],"collection":[{"href":"https:\/\/globalmaterial.hu\/pl\/wp-json\/wp\/v2\/pages"}],"about":[{"href":"https:\/\/globalmaterial.hu\/pl\/wp-json\/wp\/v2\/types\/page"}],"author":[{"embeddable":true,"href":"https:\/\/globalmaterial.hu\/pl\/wp-json\/wp\/v2\/users\/1"}],"replies":[{"embeddable":true,"href":"https:\/\/globalmaterial.hu\/pl\/wp-json\/wp\/v2\/comments?post=1495"}],"version-history":[{"count":11,"href":"https:\/\/globalmaterial.hu\/pl\/wp-json\/wp\/v2\/pages\/1495\/revisions"}],"predecessor-version":[{"id":1565,"href":"https:\/\/globalmaterial.hu\/pl\/wp-json\/wp\/v2\/pages\/1495\/revisions\/1565"}],"wp:attachment":[{"href":"https:\/\/globalmaterial.hu\/pl\/wp-json\/wp\/v2\/media?parent=1495"}],"curies":[{"name":"wp","href":"https:\/\/api.w.org\/{rel}","templated":true}]}}