{"id":54,"date":"2025-08-12T14:41:37","date_gmt":"2025-08-12T14:41:37","guid":{"rendered":"https:\/\/globalmaterial.hu\/?page_id=54"},"modified":"2025-09-03T12:47:23","modified_gmt":"2025-09-03T12:47:23","slug":"przemysl-drukarski-i-opakowaniowy","status":"publish","type":"page","link":"https:\/\/globalmaterial.hu\/pl\/nyomdaipar-es-csomagolastechnikai-gyartas\/","title":{"rendered":"Drukowanie i pakowanie"},"content":{"rendered":"\t\t<div data-elementor-type=\"wp-page\" data-elementor-id=\"54\" class=\"elementor elementor-54\" data-elementor-post-type=\"page\">\n\t\t\t\t<div class=\"elementor-element elementor-element-3378831 e-con-full e-flex e-con e-parent\" data-id=\"3378831\" data-element_type=\"container\" data-e-type=\"container\" data-settings=\"{&quot;background_background&quot;:&quot;classic&quot;,&quot;background_motion_fx_motion_fx_scrolling&quot;:&quot;yes&quot;,&quot;background_motion_fx_translateY_effect&quot;:&quot;yes&quot;,&quot;background_motion_fx_translateY_speed&quot;:{&quot;unit&quot;:&quot;px&quot;,&quot;size&quot;:4,&quot;sizes&quot;:[]},&quot;background_motion_fx_translateY_affectedRange&quot;:{&quot;unit&quot;:&quot;%&quot;,&quot;size&quot;:&quot;&quot;,&quot;sizes&quot;:{&quot;start&quot;:0,&quot;end&quot;:100}},&quot;background_motion_fx_devices&quot;:[&quot;desktop&quot;,&quot;tablet&quot;,&quot;mobile&quot;]}\">\n\t\t<div class=\"elementor-element elementor-element-ee0e41b e-flex e-con-boxed e-con e-child\" data-id=\"ee0e41b\" data-element_type=\"container\" data-e-type=\"container\">\n\t\t\t\t\t<div class=\"e-con-inner\">\n\t\t\t\t<div class=\"elementor-element elementor-element-7d6a5df animated-slow elementor-view-default elementor-invisible elementor-widget elementor-widget-icon\" data-id=\"7d6a5df\" data-element_type=\"widget\" data-e-type=\"widget\" data-settings=\"{&quot;_animation&quot;:&quot;fadeInDown&quot;}\" data-widget_type=\"icon.default\">\n\t\t\t\t\t\t\t<div class=\"elementor-icon-wrapper\">\n\t\t\t<div class=\"elementor-icon\">\n\t\t\t<svg xmlns=\"http:\/\/www.w3.org\/2000\/svg\" width=\"51\" height=\"51\" viewBox=\"0 0 51 51\" fill=\"none\"><path d=\"M25.5 45.9C29.2873 45.9 32.9194 44.3955 35.5975 41.7175C38.2755 39.0394 39.78 35.4073 39.78 31.62V19.38C39.78 15.5927 38.2755 11.9605 35.5975 9.28249C32.9194 6.60447 29.2873 5.09998 25.5 5.09998C21.7127 5.09998 18.0805 6.60447 15.4025 9.28249C12.7245 11.9605 11.22 15.5927 11.22 19.38V31.62C11.22 35.4073 12.7245 39.0394 15.4025 41.7175C18.0805 44.3955 21.7127 45.9 25.5 45.9ZM13.26 19.38C13.26 16.1337 14.5495 13.0204 16.845 10.725C19.1404 8.42954 22.2537 7.13998 25.5 7.13998C28.7462 7.13998 31.8595 8.42954 34.155 10.725C36.4504 13.0204 37.74 16.1337 37.74 19.38V31.62C37.74 34.8662 36.4504 37.9795 34.155 40.275C31.8595 42.5704 28.7462 43.86 25.5 43.86C22.2537 43.86 19.1404 42.5704 16.845 40.275C14.5495 37.9795 13.26 34.8662 13.26 31.62V19.38Z\" fill=\"white\"><\/path><path d=\"M24.48 24.99H24.5718L24.7758 25.2042C24.8706 25.2998 24.9834 25.3757 25.1077 25.4274C25.232 25.4792 25.3653 25.5059 25.5 25.5059C25.6346 25.5059 25.7679 25.4792 25.8922 25.4274C26.0165 25.3757 26.1293 25.2998 26.2242 25.2042L26.4282 24.99H26.52V24.8982L32.3442 19.0842L30.8958 17.6358L26.52 22.0218V11.22H24.48V22.0218L20.1042 17.6358L18.6558 19.0842L24.48 24.8982V24.99Z\" fill=\"white\"><\/path><\/svg>\t\t\t<\/div>\n\t\t<\/div>\n\t\t\t\t\t\t<\/div>\n\t\t\t\t\t<\/div>\n\t\t\t\t<\/div>\n\t\t\t\t<\/div>\n\t\t<div class=\"elementor-element elementor-element-644f8b7 e-flex e-con-boxed e-con e-parent\" data-id=\"644f8b7\" data-element_type=\"container\" data-e-type=\"container\">\n\t\t\t\t\t<div class=\"e-con-inner\">\n\t\t<div class=\"elementor-element elementor-element-5d90405 e-con-full e-flex e-con e-child\" data-id=\"5d90405\" data-element_type=\"container\" data-e-type=\"container\">\n\t\t\t\t<div class=\"elementor-element elementor-element-fca9d78 elementor-widget elementor-widget-text-editor\" data-id=\"fca9d78\" data-element_type=\"widget\" data-e-type=\"widget\" data-widget_type=\"text-editor.default\">\n\t\t\t\t\t\t\t\t\t<h3><b>Term\u00e9kk\u00f6r\u00fcnk \u00e9s szolg\u00e1ltat\u00e1saink a nyomdaipar \u00e9s csomagol\u00e1s ter\u00fclet\u00e9n<\/b><\/h3>\t\t\t\t\t\t\t\t<\/div>\n\t\t\t\t<div class=\"elementor-element elementor-element-bfae964 elementor-widget elementor-widget-n-accordion\" data-id=\"bfae964\" data-element_type=\"widget\" data-e-type=\"widget\" data-settings=\"{&quot;default_state&quot;:&quot;all_collapsed&quot;,&quot;max_items_expended&quot;:&quot;one&quot;,&quot;n_accordion_animation_duration&quot;:{&quot;unit&quot;:&quot;ms&quot;,&quot;size&quot;:400,&quot;sizes&quot;:[]}}\" data-widget_type=\"nested-accordion.default\">\n\t\t\t\t\t\t\t<div class=\"e-n-accordion\" aria-label=\"Accordion. Open links with Enter or Space, close with Escape, and navigate with Arrow Keys\">\n\t\t\t\t\t\t<details id=\"e-n-accordion-item-2000\" class=\"e-n-accordion-item\" >\n\t\t\t\t<summary class=\"e-n-accordion-item-title\" data-accordion-index=\"1\" tabindex=\"0\" aria-expanded=\"false\" aria-controls=\"e-n-accordion-item-2000\" >\n\t\t\t\t\t<span class='e-n-accordion-item-title-header'><div class=\"e-n-accordion-item-title-text\"> K\u00e9sek gy\u00e1rt\u00e1sa \u00e9s \u00e9lez\u00e9se <\/div><\/span>\n\t\t\t\t\t\t\t<span class='e-n-accordion-item-title-icon'>\n\t\t\t<span class='e-opened' ><svg aria-hidden=\"true\" class=\"e-font-icon-svg e-fas-chevron-circle-up\" viewBox=\"0 0 512 512\" xmlns=\"http:\/\/www.w3.org\/2000\/svg\"><path d=\"M8 256C8 119 119 8 256 8s248 111 248 248-111 248-248 248S8 393 8 256zm231-113.9L103.5 277.6c-9.4 9.4-9.4 24.6 0 33.9l17 17c9.4 9.4 24.6 9.4 33.9 0L256 226.9l101.6 101.6c9.4 9.4 24.6 9.4 33.9 0l17-17c9.4-9.4 9.4-24.6 0-33.9L273 142.1c-9.4-9.4-24.6-9.4-34 0z\"><\/path><\/svg><\/span>\n\t\t\t<span class='e-closed'><svg aria-hidden=\"true\" class=\"e-font-icon-svg e-fas-chevron-circle-down\" viewBox=\"0 0 512 512\" xmlns=\"http:\/\/www.w3.org\/2000\/svg\"><path d=\"M504 256c0 137-111 248-248 248S8 393 8 256 119 8 256 8s248 111 248 248zM273 369.9l135.5-135.5c9.4-9.4 9.4-24.6 0-33.9l-17-17c-9.4-9.4-24.6-9.4-33.9 0L256 285.1 154.4 183.5c-9.4-9.4-24.6-9.4-33.9 0l-17 17c-9.4 9.4-9.4 24.6 0 33.9L239 369.9c9.4 9.4 24.6 9.4 34 0z\"><\/path><\/svg><\/span>\n\t\t<\/span>\n\n\t\t\t\t\t\t<\/summary>\n\t\t\t\t<div role=\"region\" aria-labelledby=\"e-n-accordion-item-2000\" class=\"elementor-element elementor-element-45fdee0 e-con-full e-flex e-con e-child\" data-id=\"45fdee0\" data-element_type=\"container\" data-e-type=\"container\">\n\t\t\t\t<div class=\"elementor-element elementor-element-bcf0e3d elementor-widget elementor-widget-text-editor\" data-id=\"bcf0e3d\" data-element_type=\"widget\" data-e-type=\"widget\" data-widget_type=\"text-editor.default\">\n\t\t\t\t\t\t\t\t\t<p><span style=\"font-weight: 400;\">prec\u00edzi\u00f3s eszk\u00f6z\u00f6k, amelyek biztos\u00edtj\u00e1k a pontos \u00e9s hat\u00e9kony v\u00e1g\u00e1st<\/span><\/p>\t\t\t\t\t\t\t\t<\/div>\n\t\t\t\t<\/div>\n\t\t\t\t\t<\/details>\n\t\t\t\t\t\t<details id=\"e-n-accordion-item-2001\" class=\"e-n-accordion-item\" >\n\t\t\t\t<summary class=\"e-n-accordion-item-title\" data-accordion-index=\"2\" tabindex=\"-1\" aria-expanded=\"false\" aria-controls=\"e-n-accordion-item-2001\" >\n\t\t\t\t\t<span class='e-n-accordion-item-title-header'><div class=\"e-n-accordion-item-title-text\"> Hengerek gy\u00e1rt\u00e1sa, szab\u00e1lyoz\u00e1sa \u00e9s fel\u00faj\u00edt\u00e1sa: <\/div><\/span>\n\t\t\t\t\t\t\t<span class='e-n-accordion-item-title-icon'>\n\t\t\t<span class='e-opened' ><svg aria-hidden=\"true\" class=\"e-font-icon-svg e-fas-chevron-circle-up\" viewBox=\"0 0 512 512\" xmlns=\"http:\/\/www.w3.org\/2000\/svg\"><path d=\"M8 256C8 119 119 8 256 8s248 111 248 248-111 248-248 248S8 393 8 256zm231-113.9L103.5 277.6c-9.4 9.4-9.4 24.6 0 33.9l17 17c9.4 9.4 24.6 9.4 33.9 0L256 226.9l101.6 101.6c9.4 9.4 24.6 9.4 33.9 0l17-17c9.4-9.4 9.4-24.6 0-33.9L273 142.1c-9.4-9.4-24.6-9.4-34 0z\"><\/path><\/svg><\/span>\n\t\t\t<span class='e-closed'><svg aria-hidden=\"true\" class=\"e-font-icon-svg e-fas-chevron-circle-down\" viewBox=\"0 0 512 512\" xmlns=\"http:\/\/www.w3.org\/2000\/svg\"><path d=\"M504 256c0 137-111 248-248 248S8 393 8 256 119 8 256 8s248 111 248 248zM273 369.9l135.5-135.5c9.4-9.4 9.4-24.6 0-33.9l-17-17c-9.4-9.4-24.6-9.4-33.9 0L256 285.1 154.4 183.5c-9.4-9.4-24.6-9.4-33.9 0l-17 17c-9.4 9.4-9.4 24.6 0 33.9L239 369.9c9.4 9.4 24.6 9.4 34 0z\"><\/path><\/svg><\/span>\n\t\t<\/span>\n\n\t\t\t\t\t\t<\/summary>\n\t\t\t\t<div role=\"region\" aria-labelledby=\"e-n-accordion-item-2001\" class=\"elementor-element elementor-element-1fadd79 e-con-full e-flex e-con e-child\" data-id=\"1fadd79\" data-element_type=\"container\" data-e-type=\"container\">\n\t\t\t\t<div class=\"elementor-element elementor-element-22cbe90 elementor-widget elementor-widget-text-editor\" data-id=\"22cbe90\" data-element_type=\"widget\" data-e-type=\"widget\" data-widget_type=\"text-editor.default\">\n\t\t\t\t\t\t\t\t\t<p><span style=\"font-weight: 400;\">hossz\u00fa \u00e9lettartam\u00fa hengerek, amelyek ide\u00e1lisak a nyomtat\u00e1si \u00e9s csomagol\u00e1si folyamatokhoz<\/span><\/p>\t\t\t\t\t\t\t\t<\/div>\n\t\t\t\t<\/div>\n\t\t\t\t\t<\/details>\n\t\t\t\t\t<\/div>\n\t\t\t\t\t\t<\/div>\n\t\t\t\t<div class=\"elementor-element elementor-element-2ed781b elementor-widget elementor-widget-spacer\" data-id=\"2ed781b\" data-element_type=\"widget\" data-e-type=\"widget\" data-widget_type=\"spacer.default\">\n\t\t\t\t\t\t\t<div class=\"elementor-spacer\">\n\t\t\t<div class=\"elementor-spacer-inner\"><\/div>\n\t\t<\/div>\n\t\t\t\t\t\t<\/div>\n\t\t\t\t<\/div>\n\t\t<div class=\"elementor-element elementor-element-7481740 e-con-full e-flex e-con e-child\" data-id=\"7481740\" data-element_type=\"container\" data-e-type=\"container\">\n\t\t<div class=\"elementor-element elementor-element-20f2e0f e-con-full e-flex elementor-invisible e-con e-child\" data-id=\"20f2e0f\" data-element_type=\"container\" data-e-type=\"container\" data-settings=\"{&quot;animation&quot;:&quot;fadeIn&quot;}\">\n\t\t\t\t<div class=\"elementor-element elementor-element-44b00c2 elementor-widget elementor-widget-button\" data-id=\"44b00c2\" data-element_type=\"widget\" data-e-type=\"widget\" data-widget_type=\"button.default\">\n\t\t\t\t\t\t\t\t\t\t<a class=\"elementor-button elementor-button-link elementor-size-sm\" href=\"\/kapcsolat\">\n\t\t\t\t\t\t<span class=\"elementor-button-content-wrapper\">\n\t\t\t\t\t\t<span class=\"elementor-button-icon\">\n\t\t\t\t<svg aria-hidden=\"true\" class=\"e-font-icon-svg e-fas-arrow-right\" viewBox=\"0 0 448 512\" xmlns=\"http:\/\/www.w3.org\/2000\/svg\"><path d=\"M190.5 66.9l22.2-22.2c9.4-9.4 24.6-9.4 33.9 0L441 239c9.4 9.4 9.4 24.6 0 33.9L246.6 467.3c-9.4 9.4-24.6 9.4-33.9 0l-22.2-22.2c-9.5-9.5-9.3-25 .4-34.3L311.4 296H24c-13.3 0-24-10.7-24-24v-32c0-13.3 10.7-24 24-24h287.4L190.9 101.2c-9.8-9.3-10-24.8-.4-34.3z\"><\/path><\/svg>\t\t\t<\/span>\n\t\t\t\t\t\t\t\t\t<span class=\"elementor-button-text\">Kapcsolatfelv\u00e9tel<\/span>\n\t\t\t\t\t<\/span>\n\t\t\t\t\t<\/a>\n\t\t\t\t\t\t\t\t<\/div>\n\t\t\t\t<div class=\"elementor-element elementor-element-0cdeecd elementor-widget elementor-widget-button\" data-id=\"0cdeecd\" data-element_type=\"widget\" data-e-type=\"widget\" data-widget_type=\"button.default\">\n\t\t\t\t\t\t\t\t\t\t<a class=\"elementor-button elementor-button-link elementor-size-sm\" href=\"\/szolgaltatasok\">\n\t\t\t\t\t\t<span class=\"elementor-button-content-wrapper\">\n\t\t\t\t\t\t<span class=\"elementor-button-icon\">\n\t\t\t\t<svg aria-hidden=\"true\" class=\"e-font-icon-svg e-fas-arrow-right\" viewBox=\"0 0 448 512\" xmlns=\"http:\/\/www.w3.org\/2000\/svg\"><path d=\"M190.5 66.9l22.2-22.2c9.4-9.4 24.6-9.4 33.9 0L441 239c9.4 9.4 9.4 24.6 0 33.9L246.6 467.3c-9.4 9.4-24.6 9.4-33.9 0l-22.2-22.2c-9.5-9.5-9.3-25 .4-34.3L311.4 296H24c-13.3 0-24-10.7-24-24v-32c0-13.3 10.7-24 24-24h287.4L190.9 101.2c-9.8-9.3-10-24.8-.4-34.3z\"><\/path><\/svg>\t\t\t<\/span>\n\t\t\t\t\t\t\t\t\t<span class=\"elementor-button-text\">Szolg\u00e1ltat\u00e1saink<\/span>\n\t\t\t\t\t<\/span>\n\t\t\t\t\t<\/a>\n\t\t\t\t\t\t\t\t<\/div>\n\t\t\t\t<\/div>\n\t\t\t\t<div class=\"elementor-element elementor-element-1051e8b elementor-widget elementor-widget-image\" data-id=\"1051e8b\" data-element_type=\"widget\" data-e-type=\"widget\" data-widget_type=\"image.default\">\n\t\t\t\t\t\t\t\t\t\t\t\t\t\t\t<img fetchpriority=\"high\" decoding=\"async\" width=\"800\" height=\"448\" src=\"https:\/\/globalmaterial.hu\/wp-content\/uploads\/2025\/08\/freepik__adjust__49116-1024x574.jpeg\" class=\"attachment-large size-large wp-image-1248\" alt=\"\" srcset=\"https:\/\/globalmaterial.hu\/wp-content\/uploads\/2025\/08\/freepik__adjust__49116-1024x574.jpeg 1024w, https:\/\/globalmaterial.hu\/wp-content\/uploads\/2025\/08\/freepik__adjust__49116-300x168.jpeg 300w, https:\/\/globalmaterial.hu\/wp-content\/uploads\/2025\/08\/freepik__adjust__49116-768x430.jpeg 768w, https:\/\/globalmaterial.hu\/wp-content\/uploads\/2025\/08\/freepik__adjust__49116-1536x861.jpeg 1536w, https:\/\/globalmaterial.hu\/wp-content\/uploads\/2025\/08\/freepik__adjust__49116-18x10.jpeg 18w, https:\/\/globalmaterial.hu\/wp-content\/uploads\/2025\/08\/freepik__adjust__49116.jpeg 2000w\" sizes=\"(max-width: 800px) 100vw, 800px\" \/>\t\t\t\t\t\t\t\t\t\t\t\t\t\t\t<\/div>\n\t\t\t\t<div class=\"elementor-element elementor-element-fc99e1c elementor-widget elementor-widget-spacer\" data-id=\"fc99e1c\" data-element_type=\"widget\" data-e-type=\"widget\" data-widget_type=\"spacer.default\">\n\t\t\t\t\t\t\t<div class=\"elementor-spacer\">\n\t\t\t<div class=\"elementor-spacer-inner\"><\/div>\n\t\t<\/div>\n\t\t\t\t\t\t<\/div>\n\t\t\t\t<\/div>\n\t\t\t\t\t<\/div>\n\t\t\t\t<\/div>\n\t\t<div class=\"elementor-element elementor-element-0f8cc49 e-flex e-con-boxed e-con e-parent\" data-id=\"0f8cc49\" data-element_type=\"container\" data-e-type=\"container\">\n\t\t\t\t\t<div class=\"e-con-inner\">\n\t\t<div class=\"elementor-element elementor-element-6d95466 e-con-full e-flex e-con e-child\" data-id=\"6d95466\" data-element_type=\"container\" data-e-type=\"container\">\n\t\t\t\t<div class=\"elementor-element elementor-element-9d0cf7f elementor-widget elementor-widget-text-editor\" data-id=\"9d0cf7f\" data-element_type=\"widget\" data-e-type=\"widget\" data-widget_type=\"text-editor.default\">\n\t\t\t\t\t\t\t\t\t<p>F\u0151bb el\u0151nyeink \u00e9s hozz\u00e1adott \u00e9rt\u00e9keink<\/p>\t\t\t\t\t\t\t\t<\/div>\n\t\t\t\t<div class=\"elementor-element elementor-element-6750112 elementor-hidden-mobile elementor-widget elementor-widget-spacer\" data-id=\"6750112\" data-element_type=\"widget\" data-e-type=\"widget\" data-widget_type=\"spacer.default\">\n\t\t\t\t\t\t\t<div class=\"elementor-spacer\">\n\t\t\t<div class=\"elementor-spacer-inner\"><\/div>\n\t\t<\/div>\n\t\t\t\t\t\t<\/div>\n\t\t\t\t<div class=\"elementor-element elementor-element-ba4ebc8 elementor-icon-list--layout-traditional elementor-list-item-link-full_width elementor-invisible elementor-widget elementor-widget-icon-list\" data-id=\"ba4ebc8\" data-element_type=\"widget\" data-e-type=\"widget\" data-settings=\"{&quot;_animation&quot;:&quot;zoomIn&quot;}\" data-widget_type=\"icon-list.default\">\n\t\t\t\t\t\t\t<ul class=\"elementor-icon-list-items\">\n\t\t\t\t\t\t\t<li class=\"elementor-icon-list-item\">\n\t\t\t\t\t\t\t\t\t\t\t<span class=\"elementor-icon-list-icon\">\n\t\t\t\t\t\t\t<svg xmlns=\"http:\/\/www.w3.org\/2000\/svg\" width=\"68\" height=\"68\" viewBox=\"0 0 68 68\" fill=\"none\"><rect width=\"68\" height=\"68\" rx=\"5\" fill=\"#F6F6F6\"><\/rect><path fill-rule=\"evenodd\" clip-rule=\"evenodd\" d=\"M34.0045 23.506C39.8025 23.506 44.5045 28.208 44.5045 34.006C44.5045 39.8041 39.8025 44.5061 34.0045 44.5061C28.2065 44.5061 23.5044 39.8041 23.5044 34.006C23.5044 28.208 28.2065 23.506 34.0045 23.506ZM31.824 37.4165L29.2533 34.8437C28.8154 34.4055 28.8153 33.6909 29.2533 33.2528C29.6915 32.8148 30.4092 32.8175 30.8442 33.2528L32.6565 35.0665L37.1649 30.5581C37.603 30.12 38.3177 30.12 38.7558 30.5581C39.1939 30.9962 39.1933 31.7115 38.7558 32.149L33.4506 37.4541C33.0131 37.8916 32.2978 37.8922 31.8598 37.4541C31.8475 37.4418 31.8356 37.4293 31.824 37.4165Z\" fill=\"#F31222\"><\/path><\/svg>\t\t\t\t\t\t<\/span>\n\t\t\t\t\t\t\t\t\t\t<span class=\"elementor-icon-list-text\"><b>Nyomtat\u00e1si hat\u00e9konys\u00e1g n\u00f6vel\u00e9se<\/b><br> a gy\u00e1rt\u00e1si folyamatok optimaliz\u00e1l\u00e1s\u00e1hoz sz\u00fcks\u00e9ges innovat\u00edv megold\u00e1sokkal<\/span>\n\t\t\t\t\t\t\t\t\t<\/li>\n\t\t\t\t\t\t\t\t<li class=\"elementor-icon-list-item\">\n\t\t\t\t\t\t\t\t\t\t\t<span class=\"elementor-icon-list-icon\">\n\t\t\t\t\t\t\t<svg xmlns=\"http:\/\/www.w3.org\/2000\/svg\" width=\"68\" height=\"68\" viewBox=\"0 0 68 68\" fill=\"none\"><rect width=\"68\" height=\"68\" rx=\"5\" fill=\"#F6F6F6\"><\/rect><path fill-rule=\"evenodd\" clip-rule=\"evenodd\" d=\"M34.0045 23.506C39.8025 23.506 44.5045 28.208 44.5045 34.006C44.5045 39.8041 39.8025 44.5061 34.0045 44.5061C28.2065 44.5061 23.5044 39.8041 23.5044 34.006C23.5044 28.208 28.2065 23.506 34.0045 23.506ZM31.824 37.4165L29.2533 34.8437C28.8154 34.4055 28.8153 33.6909 29.2533 33.2528C29.6915 32.8148 30.4092 32.8175 30.8442 33.2528L32.6565 35.0665L37.1649 30.5581C37.603 30.12 38.3177 30.12 38.7558 30.5581C39.1939 30.9962 39.1933 31.7115 38.7558 32.149L33.4506 37.4541C33.0131 37.8916 32.2978 37.8922 31.8598 37.4541C31.8475 37.4418 31.8356 37.4293 31.824 37.4165Z\" fill=\"#F31222\"><\/path><\/svg>\t\t\t\t\t\t<\/span>\n\t\t\t\t\t\t\t\t\t\t<span class=\"elementor-icon-list-text\"><b>Hossz\u00fa \u00e9lettartam\u00fa eszk\u00f6z\u00f6k<\/b><br>min\u0151s\u00e9gi anyaghaszn\u00e1lat \u00e9s szak\u00e9rtelem a tart\u00f3ss\u00e1g\u00e9rt<\/span>\n\t\t\t\t\t\t\t\t\t<\/li>\n\t\t\t\t\t\t\t\t<li class=\"elementor-icon-list-item\">\n\t\t\t\t\t\t\t\t\t\t\t<span class=\"elementor-icon-list-icon\">\n\t\t\t\t\t\t\t<svg xmlns=\"http:\/\/www.w3.org\/2000\/svg\" width=\"68\" height=\"68\" viewBox=\"0 0 68 68\" fill=\"none\"><rect width=\"68\" height=\"68\" rx=\"5\" fill=\"#F6F6F6\"><\/rect><path fill-rule=\"evenodd\" clip-rule=\"evenodd\" d=\"M34.0045 23.506C39.8025 23.506 44.5045 28.208 44.5045 34.006C44.5045 39.8041 39.8025 44.5061 34.0045 44.5061C28.2065 44.5061 23.5044 39.8041 23.5044 34.006C23.5044 28.208 28.2065 23.506 34.0045 23.506ZM31.824 37.4165L29.2533 34.8437C28.8154 34.4055 28.8153 33.6909 29.2533 33.2528C29.6915 32.8148 30.4092 32.8175 30.8442 33.2528L32.6565 35.0665L37.1649 30.5581C37.603 30.12 38.3177 30.12 38.7558 30.5581C39.1939 30.9962 39.1933 31.7115 38.7558 32.149L33.4506 37.4541C33.0131 37.8916 32.2978 37.8922 31.8598 37.4541C31.8475 37.4418 31.8356 37.4293 31.824 37.4165Z\" fill=\"#F31222\"><\/path><\/svg>\t\t\t\t\t\t<\/span>\n\t\t\t\t\t\t\t\t\t\t<span class=\"elementor-icon-list-text\"><b>Gy\u00e1rt\u00e1si pontoss\u00e1g \u00e9s megb\u00edzhat\u00f3s\u00e1g<\/b><br>a legszigor\u00fabb k\u00f6vetelm\u00e9nyeknek megfelel\u0151 gy\u00e1rt\u00e1si pontoss\u00e1g<\/span>\n\t\t\t\t\t\t\t\t\t<\/li>\n\t\t\t\t\t\t<\/ul>\n\t\t\t\t\t\t<\/div>\n\t\t\t\t<div class=\"elementor-element elementor-element-874c28b elementor-widget elementor-widget-spacer\" data-id=\"874c28b\" data-element_type=\"widget\" data-e-type=\"widget\" data-widget_type=\"spacer.default\">\n\t\t\t\t\t\t\t<div class=\"elementor-spacer\">\n\t\t\t<div class=\"elementor-spacer-inner\"><\/div>\n\t\t<\/div>\n\t\t\t\t\t\t<\/div>\n\t\t\t\t<\/div>\n\t\t<div class=\"elementor-element elementor-element-10ca665 e-con-full e-flex elementor-invisible e-con e-child\" data-id=\"10ca665\" data-element_type=\"container\" data-e-type=\"container\" data-settings=\"{&quot;background_background&quot;:&quot;classic&quot;,&quot;animation&quot;:&quot;zoomIn&quot;}\">\n\t\t\t\t<div class=\"elementor-element elementor-element-dc0e449 elementor-widget elementor-widget-text-editor\" data-id=\"dc0e449\" data-element_type=\"widget\" data-e-type=\"widget\" data-widget_type=\"text-editor.default\">\n\t\t\t\t\t\t\t\t\t<p>Mi\u00e9rt v\u00e1lasszon minket?<\/p>\t\t\t\t\t\t\t\t<\/div>\n\t\t\t\t<div class=\"elementor-element elementor-element-453c871 elementor-widget elementor-widget-text-editor\" data-id=\"453c871\" data-element_type=\"widget\" data-e-type=\"widget\" data-widget_type=\"text-editor.default\">\n\t\t\t\t\t\t\t\t\t<p><span style=\"font-weight: 400;\">A Global Material Kft. elk\u00f6telezett a nyomdaipari \u00e9s csomagol\u00e1stechnikai folyamatok min\u0151s\u00e9gi \u00e9s hat\u00e9kony t\u00e1mogat\u00e1sa mellett. Prec\u00edz megold\u00e1sainkkal \u00e9s gyors kiszolg\u00e1l\u00e1sunkkal biztos\u00edtjuk, hogy partnereink mindig az ipar\u00e1g \u00e9lvonal\u00e1ban maradjanak.<\/span><\/p>\t\t\t\t\t\t\t\t<\/div>\n\t\t\t\t<div class=\"elementor-element elementor-element-e9efdee elementor-widget elementor-widget-spacer\" data-id=\"e9efdee\" data-element_type=\"widget\" data-e-type=\"widget\" data-widget_type=\"spacer.default\">\n\t\t\t\t\t\t\t<div class=\"elementor-spacer\">\n\t\t\t<div class=\"elementor-spacer-inner\"><\/div>\n\t\t<\/div>\n\t\t\t\t\t\t<\/div>\n\t\t\t\t<\/div>\n\t\t\t\t\t<\/div>\n\t\t\t\t<\/div>\n\t\t\t\t<\/div>\n\t\t","protected":false},"excerpt":{"rendered":"<p>Term\u00e9kk\u00f6r\u00fcnk \u00e9s szolg\u00e1ltat\u00e1saink a nyomdaipar \u00e9s csomagol\u00e1s ter\u00fclet\u00e9n K\u00e9sek gy\u00e1rt\u00e1sa \u00e9s \u00e9lez\u00e9se prec\u00edzi\u00f3s eszk\u00f6z\u00f6k, amelyek biztos\u00edtj\u00e1k a pontos \u00e9s hat\u00e9kony v\u00e1g\u00e1st Hengerek gy\u00e1rt\u00e1sa, szab\u00e1lyoz\u00e1sa \u00e9s fel\u00faj\u00edt\u00e1sa: hossz\u00fa \u00e9lettartam\u00fa hengerek, amelyek ide\u00e1lisak a nyomtat\u00e1si \u00e9s csomagol\u00e1si folyamatokhoz prec\u00edzi\u00f3s eszk\u00f6z\u00f6k, amelyek biztos\u00edtj\u00e1k a pontos \u00e9s hat\u00e9kony v\u00e1g\u00e1st hossz\u00fa \u00e9lettartam\u00fa hengerek, amelyek ide\u00e1lisak a nyomtat\u00e1si \u00e9s csomagol\u00e1si folyamatokhoz [&hellip;]<\/p>\n","protected":false},"author":1,"featured_media":0,"parent":0,"menu_order":0,"comment_status":"closed","ping_status":"closed","template":"","meta":{"footnotes":""},"class_list":["post-54","page","type-page","status-publish","hentry"],"_links":{"self":[{"href":"https:\/\/globalmaterial.hu\/pl\/wp-json\/wp\/v2\/pages\/54","targetHints":{"allow":["GET"]}}],"collection":[{"href":"https:\/\/globalmaterial.hu\/pl\/wp-json\/wp\/v2\/pages"}],"about":[{"href":"https:\/\/globalmaterial.hu\/pl\/wp-json\/wp\/v2\/types\/page"}],"author":[{"embeddable":true,"href":"https:\/\/globalmaterial.hu\/pl\/wp-json\/wp\/v2\/users\/1"}],"replies":[{"embeddable":true,"href":"https:\/\/globalmaterial.hu\/pl\/wp-json\/wp\/v2\/comments?post=54"}],"version-history":[{"count":17,"href":"https:\/\/globalmaterial.hu\/pl\/wp-json\/wp\/v2\/pages\/54\/revisions"}],"predecessor-version":[{"id":1722,"href":"https:\/\/globalmaterial.hu\/pl\/wp-json\/wp\/v2\/pages\/54\/revisions\/1722"}],"wp:attachment":[{"href":"https:\/\/globalmaterial.hu\/pl\/wp-json\/wp\/v2\/media?parent=54"}],"curies":[{"name":"wp","href":"https:\/\/api.w.org\/{rel}","templated":true}]}}